{"id":1472,"date":"2023-05-01T08:39:16","date_gmt":"2023-05-01T06:39:16","guid":{"rendered":"https:\/\/smileycamper.ro\/site\/?page_id=1472"},"modified":"2023-10-30T16:43:46","modified_gmt":"2023-10-30T14:43:46","slug":"termeni-si-conditii","status":"publish","type":"page","link":"https:\/\/smileycamper.ro\/site\/termeni-si-conditii\/","title":{"rendered":"Termeni si condi\u021bii"},"content":{"rendered":"\t\t<div data-elementor-type=\"wp-page\" data-elementor-id=\"1472\" class=\"elementor elementor-1472\" data-elementor-post-type=\"page\">\n\t\t\t\t\t\t<section class=\"elementor-section elementor-top-section elementor-element elementor-element-c1c8648 elementor-section-boxed elementor-section-height-default elementor-section-height-default\" data-id=\"c1c8648\" data-element_type=\"section\" data-e-type=\"section\">\n\t\t\t\t\t\t<div class=\"elementor-container elementor-column-gap-default\">\n\t\t\t\t\t<div class=\"elementor-column elementor-col-100 elementor-top-column elementor-element elementor-element-4c84db5\" data-id=\"4c84db5\" data-element_type=\"column\" data-e-type=\"column\">\n\t\t\t<div class=\"elementor-widget-wrap elementor-element-populated\">\n\t\t\t\t\t\t<div class=\"elementor-element elementor-element-2ca96aa elementor-widget elementor-widget-heading\" data-id=\"2ca96aa\" data-element_type=\"widget\" data-e-type=\"widget\" data-widget_type=\"heading.default\">\n\t\t\t\t<div class=\"elementor-widget-container\">\n\t\t\t\t\t<h1 class=\"elementor-heading-title elementor-size-default\">Termeni si condi\u021bii<\/h1>\t\t\t\t<\/div>\n\t\t\t\t<\/div>\n\t\t\t\t\t<\/div>\n\t\t<\/div>\n\t\t\t\t\t<\/div>\n\t\t<\/section>\n\t\t\t\t<section class=\"elementor-section elementor-top-section elementor-element elementor-element-1928205 elementor-section-boxed elementor-section-height-default elementor-section-height-default\" data-id=\"1928205\" data-element_type=\"section\" data-e-type=\"section\" data-settings=\"{&quot;background_background&quot;:&quot;classic&quot;}\">\n\t\t\t\t\t\t<div class=\"elementor-container elementor-column-gap-default\">\n\t\t\t\t\t<div class=\"elementor-column elementor-col-100 elementor-top-column elementor-element elementor-element-4578e10\" data-id=\"4578e10\" data-element_type=\"column\" data-e-type=\"column\" data-settings=\"{&quot;background_background&quot;:&quot;classic&quot;}\">\n\t\t\t<div class=\"elementor-widget-wrap elementor-element-populated\">\n\t\t\t\t\t\t<div class=\"elementor-element elementor-element-168d7df elementor-widget elementor-widget-text-editor\" data-id=\"168d7df\" data-element_type=\"widget\" data-e-type=\"widget\" data-widget_type=\"text-editor.default\">\n\t\t\t\t<div class=\"elementor-widget-container\">\n\t\t\t\t\t\t\t\t\t<h1>Politica de confidentialitate pentru SmileyCamper<\/h1><p>Ultima actualizare: 16 martie 2023<\/p><p>Aceasta Politica de Confidentialitate descrie modul \u00een care SmileyCamper colecteaz\u0103, utilizeaz\u0103 \u0219i protejeaz\u0103 informa\u021biile personale ale utilizatorilor s\u0103i.<\/p><h2>Colectarea informa\u021biilor<\/h2><p>SmileyCamper colecteaz\u0103 informa\u021bii personale ale utilizatorilor numai \u00een scopul furniz\u0103rii serviciilor sale. Informa\u021biile colectate includ:<\/p><p><strong>Num\u0103rul de telefon, Adresa de Email<\/strong><\/p><p>De asemenea, SmileyCamper poate colecta informa\u021bii despre utilizarea serviciilor sale, inclusiv informa\u021bii despre dispozitivul mobil \u0219i navigarea acestuia pe aplica\u021bie.<\/p><h2>Utilizarea informa\u021biilor<\/h2><p>SmileyCamper utilizeaz\u0103 informa\u021biile personale ale utilizatorilor s\u0103i numai \u00een scopul furniz\u0103rii serviciilor sale, cum ar fi procesarea rezerv\u0103rilor \u0219i comunicarea cu utilizatorii. SmileyCamper nu va vinde sau divulga informa\u021biile personale ale utilizatorilor s\u0103i c\u0103tre ter\u021bi f\u0103r\u0103 acordul acestora, cu excep\u021bia cazurilor \u00een care este necesar pentru a respecta legea sau pentru a proteja drepturile, proprietatea sau siguran\u021ba SmileyCamper, utilizatorilor s\u0103i sau altor persoane.<\/p><h2>Securitatea informa\u021biilor<\/h2><p>SmileyCamper ia m\u0103suri de securitate pentru a proteja informa\u021biile personale ale utilizatorilor s\u0103i de accesul neautorizat sau utilizarea neautorizat\u0103. SmileyCamper utilizeaz\u0103 protocoale de securitate standard pentru a proteja informa\u021biile personale ale utilizatorilor sale, inclusiv criptarea datelor \u0219i utilizarea autentific\u0103rii cu doi factori.<\/p><h2>Modific\u0103ri ale politicii de confiden\u021bialitate<\/h2><p>Putem actualiza Politica noastr\u0103 de confiden\u021bialitate din c\u00e2nd \u00een c\u00e2nd. V\u0103 vom notifica cu privire la orice modific\u0103ri prin postarea noii Politici de confiden\u021bialitate pe aceast\u0103 pagin\u0103.<\/p><h2>Contact<\/h2><p>Dac\u0103 ave\u021bi \u00eentreb\u0103ri sau preocup\u0103ri cu privire la aceast\u0103 Politic\u0103 de Confiden\u021bialitate sau la practicile de colectare \u0219i utilizare a informa\u021biilor personale de c\u0103tre SmileyCamper, v\u0103 rug\u0103m s\u0103 ne contacta\u021bi prin intermediul aplica\u021biei sau pe site-ul nostru web la adresa <a href=\"https:\/\/smileycamper.ro\/\" target=\"_blank\" rel=\"noopener\">https:\/\/smileycamper.ro\/<\/a>.<\/p>\t\t\t\t\t\t\t\t<\/div>\n\t\t\t\t<\/div>\n\t\t\t\t\t<\/div>\n\t\t<\/div>\n\t\t\t\t\t<\/div>\n\t\t<\/section>\n\t\t\t\t<\/div>\n\t\t","protected":false},"excerpt":{"rendered":"<p>Politica de confidentialitate pentru SmileyCamper Ultima actualizare: 16 martie 2023 Aceasta Politica de Confidentialitate descrie&hellip;<\/p>\n","protected":false},"author":1,"featured_media":0,"parent":0,"menu_order":0,"comment_status":"closed","ping_status":"closed","template":"elementor_header_footer","meta":{"footnotes":""},"folder":[123],"class_list":["post-1472","page","type-page","status-publish","hentry"],"_links":{"self":[{"href":"https:\/\/smileycamper.ro\/site\/wp-json\/wp\/v2\/pages\/1472","targetHints":{"allow":["GET"]}}],"collection":[{"href":"https:\/\/smileycamper.ro\/site\/wp-json\/wp\/v2\/pages"}],"about":[{"href":"https:\/\/smileycamper.ro\/site\/wp-json\/wp\/v2\/types\/page"}],"author":[{"embeddable":true,"href":"https:\/\/smileycamper.ro\/site\/wp-json\/wp\/v2\/users\/1"}],"replies":[{"embeddable":true,"href":"https:\/\/smileycamper.ro\/site\/wp-json\/wp\/v2\/comments?post=1472"}],"version-history":[{"count":68,"href":"https:\/\/smileycamper.ro\/site\/wp-json\/wp\/v2\/pages\/1472\/revisions"}],"predecessor-version":[{"id":1861,"href":"https:\/\/smileycamper.ro\/site\/wp-json\/wp\/v2\/pages\/1472\/revisions\/1861"}],"wp:attachment":[{"href":"https:\/\/smileycamper.ro\/site\/wp-json\/wp\/v2\/media?parent=1472"}],"wp:term":[{"taxonomy":"folder","embeddable":true,"href":"https:\/\/smileycamper.ro\/site\/wp-json\/wp\/v2\/folder?post=1472"}],"curies":[{"name":"wp","href":"https:\/\/api.w.org\/{rel}","templated":true}]}}